{"id":3487,"date":"2021-01-21T13:38:13","date_gmt":"2021-01-21T11:38:13","guid":{"rendered":"https:\/\/fctallinn.ee\/?page_id=3487"},"modified":"2021-01-21T13:41:00","modified_gmt":"2021-01-21T11:41:00","slug":"kupsisepoliitika","status":"publish","type":"page","link":"https:\/\/fctallinn.ee\/et\/kupsisepoliitika\/","title":{"rendered":"K\u00fcpsisepoliitika"},"content":{"rendered":"\n<p>Viimane uuendus:&nbsp;01.01.2021<\/p>\n\n\n\n<p>Kasutame oma veebilehel k\u00fcpsisefaile (ingl cookie) ja muid sarnaseid tehnoloogiaid (pikslid, veebimajakad vms). Need tehnoloogiad v\u00f5imaldavad meil j\u00e4tta meelde teie eelistused ning anal\u00fc\u00fcsida veebilehe k\u00fclastatavust ja reklaami t\u00f5husust.<\/p>\n\n\n\n<p class=\"is-style-double-margin\">Sellel lehek\u00fcljel saate teada, mis on k\u00fcpsised ja kuidas me neid oma veebilehel kasutame.<\/p>\n\n\n\n<h2>N\u00f5usolek<\/h2>\n\n\n\n<p>Kui kasutate meie veebilehte, n\u00f5ustute sellega, et teie arvutisse v\u00f5i mobiilseadmesse paigaldatakse k\u00fcpsisefailid.<\/p>\n\n\n\n<p>Kui te ei ole sellega n\u00f5us, siis saate oma veebilehitseja seadistuste alt k\u00fcpsiste kasutamise keelata v\u00f5i loobuda meie veebilehe kasutamisest.<\/p>\n\n\n\n<p>K\u00fcpsiste keelamine v\u00f5ib h\u00e4irida veebilehe m\u00f5ne funktsiooni toimimist.<\/p>\n\n\n\n<p>Lisateavet k\u00fcpsisefailide haldamise kohta leiate veebilehel <a href=\"http:\/\/www.allaboutcookies.org\/\">allaboutcookies.org<\/a><\/p>\n\n\n\n<p class=\"is-style-double-margin\">Lisateavet k\u00e4itumisp\u00f5hise reklaami ja selle haldamise kohta leiate veebilehel <a href=\"http:\/\/www.youronlinechoices.eu\/\">youronlinechoices.eu<\/a><\/p>\n\n\n\n<h2>Mis on k\u00fcpsis?<\/h2>\n\n\n\n<p>K\u00fcpsis on v\u00e4ike andmeid sisaldav tekstifail, mis salvestatakse veebilehe k\u00fclastamise ajal teie arvutisse v\u00f5i mobiilseadmesse.<\/p>\n\n\n\n<p>K\u00fcpsisefaile kasutatakse selleks, et pidada meeles teie eelistusi (nt keel, riik, ostukorvi sisu) veebilehe \u00fchekordse (seansik\u00fcpsis) v\u00f5i korduva (p\u00fcsik\u00fcpsis) kasutamise puhul.<\/p>\n\n\n\n<p>T\u00e4nu k\u00fcpsistele ei pea te veebilehele naasmisel v\u00f5i lehek\u00fclgede vahel liikudes iga kord oma eelistusi uuesti seadistama, kaupu ostukorvi salvestama ega lehek\u00fcljele sisselogimisandmeid sisestama.<\/p>\n\n\n\n<h3 class=\"h4\">Kui kauaks j\u00e4\u00e4vad k\u00fcpsised minu seadmesse?<\/h3>\n\n\n\n<p>K\u00fcpsised v\u00f5ib aegumist\u00e4htaja alusel jagada kaheks:<\/p>\n\n\n\n<ul class=\"is-style-dots is-style-double-margin\"><li>seansik\u00fcpsised, mis eemaldatakse kohe p\u00e4rast veebilehitseja sulgemist;<\/li><li>p\u00fcsik\u00fcpsised, mis j\u00e4\u00e4vad kasutaja arvutisse v\u00f5i mobiilseadmesse teatud ajavahemikuks.<\/li><\/ul>\n\n\n\n<h3 class=\"h4\">Kes paigaldab k\u00fcpsised minu seadmesse?<\/h3>\n\n\n\n<p>Autori ehk esimese poole k\u00fcpsised paigaldame veebilehele meie.<\/p>\n\n\n\n<p>Kolmanda poole k\u00fcpsised on kolmandate poolte failid ning neid paigaldavad meie teenusepakkujad, n\u00e4iteks Google Analyticsi anal\u00fc\u00fcsiprogramm, YouTube\u2019i videokeskkond, Facebooki v\u00f5rgustik jne.<\/p>\n\n\n\n<h2>Kas k\u00fcpsised sisaldavad minu isikuandmeid?<\/h2>\n\n\n\n<p>Veebilehele salvestatavad k\u00fcpsised ei sisalda teie isikuandmeid.<\/p>\n\n\n\n<p>T\u00e4psemat teavet selle kohta, milliseid isikuandmeid me kogume ja kuidas neid kasutame, leiate lehek\u00fcljel \u201ePrivaatsuse p\u00f5him\u00f5tted\u201c.<\/p>\n\n\n\n<h2>Milliseid k\u00fcpsiseid me kasutame?<\/h2>\n\n\n\n<p>J\u00e4rgmises tabelis selgitame l\u00e4hemalt, milliseid k\u00fcpsiseid ja mis eesm\u00e4rgil me veebilehel kasutame.<\/p>\n\n\n\n<figure class=\"wp-block-table is-style-cookie-policy\"><table><thead><tr><th><strong>T\u00fc\u00fcp<\/strong><\/th><th><strong>Kirjeldus<\/strong><\/th><\/tr><\/thead><tbody><tr><td>Kohustuslikud k\u00fcpsised<\/td><td>Neid k\u00fcpsiseid kasutatakse veebilehe korrektse t\u00f6\u00f6 tagamiseks, n\u00e4iteks selleks, et veebipoe ostukorvi salvestatud tooted ei l\u00e4heks kaduma, kui te vahepeal muid lehek\u00fclgi sirvite.<\/td><\/tr><tr><td>Funktsionaalsed k\u00fcpsised<\/td><td>Neid k\u00fcpsiseid kasutame selleks, et j\u00e4tta meelde teie eelistused (n\u00e4iteks keel, riik, kauba kohaletoimetamise viis, tootefiltrite seadistused).<\/td><\/tr><tr><td>Anal\u00fc\u00fctilised k\u00fcpsised<\/td><td>Need k\u00fcpsised aitavad meil paremini m\u00f5ista, kuidas te meie veebilehte kasutate, n\u00e4iteks milliseid lehti k\u00fclastate k\u00f5ige enam ja mis funktsioone eelistate. Saadud teavet kasutame selleks, et muuta veebilehe sirvimine teile veelgi mugavamaks ja arusaadavamaks.<\/td><\/tr><tr><td>Reklaamik\u00fcpsised<\/td><td>Neid k\u00fcpsiseid kasutame selleks, et teie huve ja eelistusi paremini m\u00f5ista. Kogutud teavet kasutame selleks, et teha teie huvide j\u00e4rgi pakkumisi ning n\u00e4idata kontrollitud kolmandate poolte, n\u00e4iteks Google Ads, Facebooki, VK jt reklaame.<\/td><\/tr><tr><td>Kohalikud \u00fchiskasutusobjektid<\/td><td>Seda tehnoloogiat kasutame selleks, et salvestada teie eelistused andmemassiividena.<\/td><\/tr><\/tbody><\/table><\/figure>\n\n\n\n<h2>Kuidas me k\u00fcpsiseid kasutame?<\/h2>\n\n\n\n<h3>Autori ehk esimese poole k\u00fcpsised<\/h3>\n\n\n\n<p class=\"is-style-double-margin\">Allj\u00e4rgnevalt kirjeldame, milliseid k\u00fcpsiseid me oma veebilehel kasutame.<\/p>\n\n\n\n<h4>H\u00e4davajalikud k\u00fcpsised<\/h4>\n\n\n\n<figure class=\"wp-block-table is-style-cookie-policy\"><table><thead><tr><th><strong>Nimi<\/strong>&nbsp;<\/th><th><strong>Mida see teeb?<\/strong><\/th><\/tr><\/thead><tbody><tr><td>wordpress_{hash}<br>wordpress_logged_in_{hash}<br>wordpress_sec_{hash}<br>wp-settings-[UID]<br>wp-settings-time-[UID]<br>wordpress_test_cookie<br>comment_author_{hash}<br>comment_author_email_{hash}<br>comment_author_url_{hash}<br>&#8230;<\/td><td>Kasutame sisuhalduss\u00fcsteemi WordPress.<br><br>Neid k\u00fcpsiseid kasutame selleks, et j\u00e4tta teie tegevus veebilehel meelde.<br><br>Lisateave:<br><a href=\"https:\/\/codex.wordpress.org\/WordPress_Cookies\">https:\/\/codex.wordpress.org\/WordPress_Cookies<\/a><br><a href=\"https:\/\/jetpack.com\/support\/cookies\/\">https:\/\/jetpack.com\/support\/cookies\/<\/a><\/td><\/tr><tr><td>PHPSESSID<\/td><td>Neid k\u00fcpsiseid kasutame kasutajaseansi tuvastamiseks. K\u00fcpsised kustutatakse veebilehitseja sulgemise j\u00e4rel.<\/td><\/tr><\/tbody><\/table><\/figure>\n\n\n\n<h4>Funktsionaalsed k\u00fcpsised<\/h4>\n\n\n\n<figure class=\"wp-block-table is-style-cookie-policy\"><table><thead><tr><th><strong>Nimi<\/strong>&nbsp;<\/th><th><strong>Mida see teeb?<\/strong><\/th><\/tr><\/thead><tbody><tr><td>_fct_cookie_consent<\/td><td>Neid k\u00fcpsiseid kasutame selleks, et j\u00e4tta meelde, kas kasutaja on n\u00f5ustunud k\u00fcpsiste kasutamisega.<\/td><\/tr><tr><td>_icl_current_language<br>_icl_current_admin_language_{hash}<br>_icl_visitor_lang_js<br>wpml_browser_redirect_test<br>wpml_referer_url<\/td><td>Selleks et muuta veebileht mitmekeelseks, kasutame moodulit WPML.<br><br>Neid k\u00fcpsiseid kasutame teie keele-eelistuse meeldej\u00e4tmiseks.<br><br>Lisateave:<br><a href=\"https:\/\/wpml.org\/documentation\/support\/browser-cookies-stored-wpml\/\">https:\/\/wpml.org\/documentation\/support\/browser-cookies-stored-wpml\/<\/a><\/td><\/tr><tr><td>mc_cidmc_eidmc_landing_site<\/td><td>Kasutame uudiskirjade saatmise teenust MailChimp ja moodulit MailChimp for WordPress.<br><br>Neid k\u00fcpsiseid kasutame selleks, et hinnata uudiskirjade saatmise t\u00f5husust.<br><br>Lisateave:<br><a href=\"https:\/\/kb.mc4wp.com\/cookie-overview\/\">https:\/\/kb.mc4wp.com\/cookie-overview\/<\/a><\/td><\/tr><\/tbody><\/table><\/figure>\n\n\n\n<h3>Kolmandate poolte k\u00fcpsised<\/h3>\n\n\n\n<p class=\"is-style-double-margin\">Allj\u00e4rgnevalt kirjeldame, milliseid k\u00fcpsiseid kasutavad meie teenusepakkujad.<\/p>\n\n\n\n<h4>Kohustuslikud k\u00fcpsised<\/h4>\n\n\n\n<figure class=\"wp-block-table is-style-cookie-policy\"><table><thead><tr><th><strong>P\u00e4ritolu<\/strong><\/th><th><strong>Mida see teeb?<\/strong><\/th><\/tr><\/thead><tbody><tr><td>Google Tag Manager<\/td><td>Kasutame teenust Google Tag Manager, et lisada veebilehele meie teenusepakkujate skripte ja koode.<br><br>Uurige l\u00e4hemalt, kuidas kasutab Google k\u00fcpsiseid oma teenuste puhul:<br><a href=\"https:\/\/policies.google.com\/technologies\/types\">https:\/\/policies.google.com\/technologies\/types<\/a><br><br>Lisateave:<br><a href=\"https:\/\/www.google.com\/analytics\/tag-manager\/use-policy\/\">https:\/\/www.google.com\/analytics\/tag-manager\/use-policy\/<\/a><\/td><\/tr><\/tbody><\/table><\/figure>\n\n\n\n<h4>Funktsionaalsed k\u00fcpsised<\/h4>\n\n\n\n<figure class=\"wp-block-table is-style-cookie-policy\"><table><thead><tr><th><strong>P\u00e4ritolu<\/strong><\/th><th><strong>Mida see teeb?<\/strong><\/th><\/tr><\/thead><tbody><tr><td>Google<\/td><td>Kasutame mitmesuguseid Google\u2019i teenuseid (nt YouTube, Google Maps, ReCaptcha) selleks, et avaldada veebilehel videoid, kaarte, sp\u00e4mmifiltreid ja palju muud.<br><br>Uurige l\u00e4hemalt, kuidas kasutab Google k\u00fcpsiseid oma teenuste puhul:<br><a href=\"https:\/\/policies.google.com\/technologies\/types\">https:\/\/policies.google.com\/technologies\/types<\/a><\/td><\/tr><\/tbody><\/table><\/figure>\n\n\n\n<h4>Anal\u00fc\u00fctilised k\u00fcpsised<\/h4>\n\n\n\n<figure class=\"wp-block-table is-style-cookie-policy\"><table><thead><tr><th><strong>P\u00e4ritolu<\/strong><\/th><th><strong>Mida see teeb?<\/strong><\/th><\/tr><\/thead><tbody><tr><td>Google Analytics<\/td><td>Kasutame anal\u00fc\u00fcsiteenust Google Analytics.<br><br>Neid k\u00fcpsiseid kasutame selleks, et anal\u00fc\u00fcsida veebilehe k\u00fclastatavust ja reklaamikampaaniate edukust.<br><br>K\u00fcpsiste t\u00e4isnimekiri ja kirjeldused:<br><a href=\"https:\/\/developers.google.com\/analytics\/devguides\/collection\/analyticsjs\/cookie-usage\">https:\/\/developers.google.com\/analytics\/devguides\/collection\/analyticsjs\/cookie-usage<\/a><br><br>Uurige l\u00e4hemalt, kuidas kasutab Google k\u00fcpsiseid oma teenuste puhul:<br><a href=\"https:\/\/policies.google.com\/technologies\/types\">https:\/\/policies.google.com\/technologies\/types<\/a><\/td><\/tr><\/tbody><\/table><\/figure>\n\n\n\n<h4>Reklaamik\u00fcpsised<\/h4>\n\n\n\n<figure class=\"wp-block-table is-style-cookie-policy\"><table><thead><tr><th><strong>P\u00e4ritolu<\/strong><\/th><th><strong>Mida see teeb?<\/strong><\/th><\/tr><\/thead><tbody><tr><td>Google<\/td><td>Reklaamikampaaniate korraldamiseks kasutame reklaamiplatvorme Google AdWords ja DoubleClick.<br><br>Neid k\u00fcpsiseid kasutame selleks, et anal\u00fc\u00fcsida reklaami t\u00f5husust.<br><br>Uurige l\u00e4hemalt, kuidas kasutab Google k\u00fcpsiseid oma teenuste puhul:<br><a href=\"https:\/\/policies.google.com\/technologies\/types\">https:\/\/policies.google.com\/technologies\/types<\/a><br><br>Lisateave:<br><a href=\"https:\/\/support.google.com\/dcm\/partner\/answer\/2839090?hl=en\">https:\/\/support.google.com\/dcm\/partner\/answer\/2839090?hl=en<\/a><\/td><\/tr><tr><td>Facebook<\/td><td>Kasutame Facebooki pikslit, et anal\u00fc\u00fcsida ja hinnata Facebooki v\u00f5rgus avaldatava reklaami t\u00f5husust.<br><br>Uurige l\u00e4hemalt, kuidas kasutab Facebook k\u00fcpsiseid oma teenuste puhul:<br><a href=\"https:\/\/www.facebook.com\/policies\/cookies\/\">https:\/\/www.facebook.com\/policies\/cookies\/<\/a><br><br>Lisateave:<br><a href=\"https:\/\/www.facebook.com\/about\/privacy\/\">https:\/\/www.facebook.com\/about\/privacy\/<\/a><\/td><\/tr><\/tbody><\/table><\/figure>\n\n\n\n<h2>Muutused k\u00fcpsiste kasutamises<\/h2>\n\n\n\n<p class=\"is-style-double-margin\">J\u00e4tame endale \u00f5iguse aeg-ajalt muuta lehe \u201eTeave k\u00fcpsiste kohta\u201c sisu ja uuendada infot k\u00fcpsiste kasutamise kohta. K\u00fclastage seda lehek\u00fclge sageli, et olla kursis k\u00f5ikide muudatustega.<\/p>\n\n\n\n<h2>Kontakt<\/h2>\n\n\n\n<p>Kui teil tekib k\u00fcsimusi k\u00fcpsiste kasutamise kohta meie veebilehel, siis v\u00f5tke meiega \u00fchendust e-posti aadressil <a href=\"mailto:info@fctallinn.ee\">info@fctallinn.ee<\/a><\/p>\n\n\n\n<p>Meie kontaktandmed:<\/p>\n\n\n\n<p><strong>MT\u00dc Jalgpallikool FC Tallinn<\/strong><br>Paepargi tn 35-8<br>Tallinn, 11417<br>Eesti<\/p>\n","protected":false},"excerpt":{"rendered":"<p>Viimane uuendus:&nbsp;01.01.2021 Kasutame oma veebilehel k\u00fcpsisefaile (ingl cookie) ja muid sarnaseid tehnoloogiaid (pikslid, veebimajakad vms). Need tehnoloogiad v\u00f5imaldavad meil j\u00e4tta meelde teie eelistused ning anal\u00fc\u00fcsida veebilehe k\u00fclastatavust ja reklaami t\u00f5husust. Sellel lehek\u00fcljel saate teada, mis on k\u00fcpsised ja kuidas me&hellip;<\/p>\n<p><a href=\"https:\/\/fctallinn.ee\/et\/kupsisepoliitika\/\" class=\"more-link\">Loe edasi<span class=\"screen-reader-text\"> \"K\u00fcpsisepoliitika\"<\/span><\/a><\/p>","protected":false},"author":1,"featured_media":0,"parent":0,"menu_order":0,"comment_status":"closed","ping_status":"closed","template":"","meta":{"spay_email":""},"_links":{"self":[{"href":"https:\/\/fctallinn.ee\/et\/wp-json\/wp\/v2\/pages\/3487"}],"collection":[{"href":"https:\/\/fctallinn.ee\/et\/wp-json\/wp\/v2\/pages"}],"about":[{"href":"https:\/\/fctallinn.ee\/et\/wp-json\/wp\/v2\/types\/page"}],"author":[{"embeddable":true,"href":"https:\/\/fctallinn.ee\/et\/wp-json\/wp\/v2\/users\/1"}],"replies":[{"embeddable":true,"href":"https:\/\/fctallinn.ee\/et\/wp-json\/wp\/v2\/comments?post=3487"}],"version-history":[{"count":2,"href":"https:\/\/fctallinn.ee\/et\/wp-json\/wp\/v2\/pages\/3487\/revisions"}],"predecessor-version":[{"id":3494,"href":"https:\/\/fctallinn.ee\/et\/wp-json\/wp\/v2\/pages\/3487\/revisions\/3494"}],"wp:attachment":[{"href":"https:\/\/fctallinn.ee\/et\/wp-json\/wp\/v2\/media?parent=3487"}],"curies":[{"name":"wp","href":"https:\/\/api.w.org\/{rel}","templated":true}]}}