{"id":3396,"date":"2021-01-11T08:56:14","date_gmt":"2021-01-11T06:56:14","guid":{"rendered":"https:\/\/fctallinn.ee\/?page_id=3396"},"modified":"2026-03-18T18:25:31","modified_gmt":"2026-03-18T16:25:31","slug":"liikmeleping","status":"publish","type":"page","link":"https:\/\/fctallinn.ee\/et\/liitu-meiega\/liikmeleping\/","title":{"rendered":"Liikmeleping"},"content":{"rendered":"\n<p class=\"is-style-lead\">Jalgpallikool FC Tallinn MT\u00dc reg. kood 80427675 (edaspidi nimetatud FC Tallinn) ja lapse seaduslik esindaja (edaspidi nimetatud lapsevanem) s\u00f5lmisid j\u00e4rgneva lepingu (edaspidi nimetatud leping):<\/p>\n\n\n\n<h2>1. Lepingu objekt ja \u00fcldtingimused<\/h2>\n\n\n\n<p class=\"is-style-double-margin\">1.1. K\u00e4esoleva lepingu objektiks on FC Tallinn liikmelisuse andmine lapsele Lapsevanema avalduse ja k\u00e4esoleva lepingu tingimuste alusel.<br>1.2. Liikmeleping s\u00f5lmitakse t\u00e4htajatult ja on koostatud kahes eksemplaris.<br>1.3. Allkirjastades k\u00e4esolevat lepingut, kinnitab Lapsevanem, et lapsel ei ole treeningute suhtes meditsiinilisi vastun\u00e4idustusi.<\/p>\n\n\n\n<h2>2. Poolte \u00f5igused ja kohustused<\/h2>\n\n\n\n<p class=\"is-style-double-margin\">2.1. FC Tallinn on kohustatud \u00f5petama last vastavalt treeneri koostatud plaanile ja treeningute ajakavale. Treeningud toimuvad 2-4 korda n\u00e4dalas vastavalt lapse eale.<br>2.2. Treeningud ja v\u00f5istlused toimuvad aastaringselt, sealhulgas ka suvel ja vaheaegadel, kui treener ei ole m\u00e4\u00e4ranud treeningute ajakava teisiti.<br>2.3. Lapsel on \u00f5igus kasutada vastutustundlikult ja eesm\u00e4rgip\u00e4raselt treeningute jaoks saale, riietusruume, spordivahendeid ja muud FC Tallinn vara. Juhul kui laps rikub FC Tallinn vara v\u00f5i tekitab FC Tallinnale v\u00f5i kolmandatele isikutele varalist kahju, on Lapsevanem kohustatud tekitatud kahju h\u00fcvitama.<br>2.4. Laps on kohustatud k\u00fclastama k\u00f5iki treeninguid ja v\u00f5istluseid. Treeningutelt v\u00f5i v\u00f5istlustelt puudumine on lubatud vaid m\u00f5juval p\u00f5hjusel (haigus, trauma, kool, perekondlikud p\u00f5hjused jne), mille korral peab Lapsevanem v\u00f5i laps eelnevalt puudumisest treenerit teavitama.<br>2.5. Lapsevanem on kohustatud tutvuma ja j\u00e4rgima FC Tallinn reegleid, mis on v\u00e4lja toodud lehel fctallinn.ee.<br>2.6. FC Tallinn on \u00f5igus eemaldada treeningutelt laps, kui v\u00f5lgnevus \u00f5pingute eest on enam kui 1 kuud.<br>2.7. Lapsevanem on kohustatud esitama terviset\u00f5endi jalgpallitreeninguteks, mis kinnitab, et lapsel ei ole meditsiinilisi vastun\u00e4idutusi. Terviset\u00f5endi puudumisel v\u00f5idakse laps treeningutelt eemaldada.<br>2.8. Lapsevanem on kohustatud tasuma liikmemaksu \u00f5igeaegselt nagu on m\u00e4rgitud arvel.<\/p>\n\n\n\n<h2>3. Liikmemaks<\/h2>\n\n\n\n<p class=\"is-style-double-margin\">3.1. Liikmemaksu tuleb tasuda igakuiselt jooksva kuu l\u00f5puni, 12 kuud aastas (kaasa arvatud suvel). Igakuine liikmemaks:<br>3.1.1. grupile noorem kui 7 aastat \u2013 80.- eurot kuus;<br>3.1.2. grupile alates 7-ndast eluaastast \u2013 95.- eurot kuus.<br>3.1.3. spordi- ja noorsooametis registreerimata j\u00e4tmise korral lisandub 10\u20ac<br>3.2. Lapsevanem tasub liikmemaksu esitatud arve alusel j\u00e4rgnevale arveldusarvele: AS LHV Bank, IBAN: EE037700771002848515, SWIFT: LHVBEE22. Maksmisel tuleb kindlasti m\u00e4rkida viitenumber.<br>3.3. Liikmemaksu tuleb tasuda olenemata sellest, kas laps k\u00fclastab treeninguid v\u00f5i mitte. Erandiks v\u00f5ib saada pikaajaline puudumine haiguse v\u00f5i trauma t\u00f5ttu (kuu ja enam t\u00f5endi olemasolul).<br>3.4. Liikmemaksu v\u00f5i muude maksete tasumise hilinemisel j\u00e4tab FC Tallinn endale \u00f5iguse arvestada 0,1% viivist \u00fcldsummast iga hilinenud p\u00e4eva eest.<br>3.5. FC Tallinn j\u00e4tab endale \u00f5iguse muuta liikmemaksu tasu suurust. Tasu v\u00f5imalikust muutusest on FC Tallinn kohustatud teavitama Lapsevanemat v\u00e4hemalt kaks kuud enne uue liikmemaksu kehtima hakkamist.<\/p>\n\n\n\n<h2>4. Lepingu l\u00f5petamine<\/h2>\n\n\n\n<p>4.1. Kummalgi poolel on \u00f5igus Leping s\u00f5ltumata p\u00f5hjusest korraliselt \u00fcles \u00f6elda, teatades sellest teisele poolele v\u00e4hemalt 1 (\u00fcks) kuu ette avalduse esitamisega kirjalikku taasesitamist v\u00f5imaldavas vormis.<br>4.2. Lepingust tulenevaid vaidlusi lahendatakse kokkuleppe teel. Juhul kui kokkulepet ei saavutata lahendatakse vaidlus Harju maakohtus.<\/p>\n","protected":false},"excerpt":{"rendered":"<p>Jalgpallikool FC Tallinn MT\u00dc reg. kood 80427675 (edaspidi nimetatud FC Tallinn) ja lapse seaduslik esindaja (edaspidi nimetatud lapsevanem) s\u00f5lmisid j\u00e4rgneva lepingu (edaspidi nimetatud leping): 1. Lepingu objekt ja \u00fcldtingimused 1.1. K\u00e4esoleva lepingu objektiks on FC Tallinn liikmelisuse andmine lapsele Lapsevanema&hellip;<\/p>\n<p><a href=\"https:\/\/fctallinn.ee\/et\/liitu-meiega\/liikmeleping\/\" class=\"more-link\">Loe edasi<span class=\"screen-reader-text\"> \"Liikmeleping\"<\/span><\/a><\/p>","protected":false},"author":1,"featured_media":3353,"parent":1040,"menu_order":0,"comment_status":"closed","ping_status":"closed","template":"","meta":{"spay_email":""},"_links":{"self":[{"href":"https:\/\/fctallinn.ee\/et\/wp-json\/wp\/v2\/pages\/3396"}],"collection":[{"href":"https:\/\/fctallinn.ee\/et\/wp-json\/wp\/v2\/pages"}],"about":[{"href":"https:\/\/fctallinn.ee\/et\/wp-json\/wp\/v2\/types\/page"}],"author":[{"embeddable":true,"href":"https:\/\/fctallinn.ee\/et\/wp-json\/wp\/v2\/users\/1"}],"replies":[{"embeddable":true,"href":"https:\/\/fctallinn.ee\/et\/wp-json\/wp\/v2\/comments?post=3396"}],"version-history":[{"count":7,"href":"https:\/\/fctallinn.ee\/et\/wp-json\/wp\/v2\/pages\/3396\/revisions"}],"predecessor-version":[{"id":5354,"href":"https:\/\/fctallinn.ee\/et\/wp-json\/wp\/v2\/pages\/3396\/revisions\/5354"}],"up":[{"embeddable":true,"href":"https:\/\/fctallinn.ee\/et\/wp-json\/wp\/v2\/pages\/1040"}],"wp:featuredmedia":[{"embeddable":true,"href":"https:\/\/fctallinn.ee\/et\/wp-json\/wp\/v2\/media\/3353"}],"wp:attachment":[{"href":"https:\/\/fctallinn.ee\/et\/wp-json\/wp\/v2\/media?parent=3396"}],"curies":[{"name":"wp","href":"https:\/\/api.w.org\/{rel}","templated":true}]}}