{"id":1042,"date":"2020-08-27T11:12:53","date_gmt":"2020-08-27T08:12:53","guid":{"rendered":"http:\/\/fctallinn.ee\/?page_id=1042"},"modified":"2020-09-16T09:31:49","modified_gmt":"2020-09-16T06:31:49","slug":"klubi-liikmeks-astumise-avaldus","status":"publish","type":"page","link":"https:\/\/fctallinn.ee\/et\/liitu-meiega\/klubi-liikmeks-astumise-avaldus\/","title":{"rendered":"Klubi liikmeks astumise avaldus"},"content":{"rendered":"\n                <div class='gf_browser_gecko gform_wrapper fct-join-form_wrapper' id='gform_wrapper_1' ><div id='gf_1' class='gform_anchor' tabindex='-1'><\/div><form method='post' enctype='multipart\/form-data'  id='gform_1' class='fct-join-form' action='\/et\/wp-json\/wp\/v2\/pages\/1042#gf_1'>\n                        <div class='gform_heading'>\n                            <h3 class='gform_title'>Klubi liikmeks astumise avaldus<\/h3>\n                            <span class='gform_description'><p>Lugupeetud vanemad,<\/p>\n<p>Palun t\u00e4itke vormi v\u00e4ljad eesti keeles.<\/p>\n<p>Enne lepingu allkirjastamist l\u00e4bige esmalt proovikoolitus ja alles siis allkirjastage leping.<\/p><\/span>\n                        <\/div><div id='gf_page_steps_1' class='gf_page_steps'><div id='gf_step_1_1' class='gf_step gf_step_active gf_step_first'><span class='gf_step_number'>1<\/span>&nbsp;<span class='gf_step_label'>1: Laps<\/span><\/div><div id='gf_step_1_2' class='gf_step gf_step_last gf_step_next gf_step_pending'><span class='gf_step_number'>2<\/span>&nbsp;<span class='gf_step_label'>2: Vanemad<\/span><\/div><div class='gf_step_clear'><\/div><\/div>\n                        <div class='gform_body'><div id='gform_page_1_1' class='gform_page' >\n                                    <div class='gform_page_fields'><ul id='gform_fields_1' class='gform_fields top_label form_sublabel_below description_below'><li id='field_1_1'  class='gfield gfield_contains_required field_sublabel_below field_description_below hidden_label gfield_visibility_visible' ><label class='gfield_label' for='input_1_1' >Eesnimi<span class='gfield_required'>*<\/span><\/label><div class='ginput_container ginput_container_text'><input name='input_1' id='input_1_1' type='text' value='' class='medium'    placeholder='Eesnimi' aria-required=\"true\" aria-invalid=\"false\" \/><\/div><\/li><li id='field_1_2'  class='gfield gfield_contains_required field_sublabel_below field_description_below hidden_label gfield_visibility_visible' ><label class='gfield_label' for='input_1_2' >Perekonnanimi<span class='gfield_required'>*<\/span><\/label><div class='ginput_container ginput_container_text'><input name='input_2' id='input_1_2' type='text' value='' class='medium'    placeholder='Perekonnanimi' aria-required=\"true\" aria-invalid=\"false\" \/><\/div><\/li><li id='field_1_45'  class='gfield gfield_contains_required field_sublabel_below field_description_below hidden_label gfield_visibility_visible' ><label class='gfield_label' for='input_1_45' >Sugu<span class='gfield_required'>*<\/span><\/label><div class='ginput_container ginput_container_select'><select name='input_45' id='input_1_45' class='medium gfield_select'   aria-required=\"true\" aria-invalid=\"false\"><option value='' selected='selected'>Sugu<\/option><option value='male' >Mees<\/option><option value='female' >Naine<\/option><\/select><\/div><\/li><li id='field_1_3'  class='gfield gfield_contains_required field_sublabel_below field_description_below hidden_label gfield_visibility_visible' ><label class='gfield_label' for='input_1_3' >S\u00fcnniaeg<span class='gfield_required'>*<\/span><\/label><div class='ginput_container ginput_container_date'>\n                            <input name='input_3' id='input_1_3' type='text' value='' class='datepicker medium dmy_dot datepicker_no_icon'   placeholder='S\u00fcnniaeg' aria-describedby='input_1_3_date_format' \/>\n                            <span id='input_1_3_date_format' class='screen-reader-text'>Date Format: DD dot MM dot YYYY<\/span>\n                        <\/div>\n                        <input type='hidden' id='gforms_calendar_icon_input_1_3' class='gform_hidden' value='https:\/\/fctallinn.ee\/wp-content\/plugins\/gravityforms\/images\/calendar.png'\/><\/li><li id='field_1_4'  class='gfield gfield_contains_required field_sublabel_below field_description_below hidden_label gfield_visibility_visible' ><label class='gfield_label' for='input_1_4' >Isikukood<span class='gfield_required'>*<\/span><\/label><div class='ginput_container ginput_container_text'><input name='input_4' id='input_1_4' type='text' value='' class='medium'    placeholder='Isikukood' aria-required=\"true\" aria-invalid=\"false\" \/><\/div><\/li><li id='field_1_5'  class='gfield gfield_contains_required field_sublabel_below field_description_below hidden_label gfield_visibility_visible' ><label class='gfield_label' for='input_1_5' >Kodakondsus<span class='gfield_required'>*<\/span><\/label><div class='ginput_container ginput_container_select'><select name='input_5' id='input_1_5' class='medium gfield_select'   aria-required=\"true\" aria-invalid=\"false\"><option value='' selected='selected'>Kodakondsus<\/option><option value='ee' >Eesti<\/option><option value='ru' >Venemaa<\/option><option value='lv' >L\u00e4ti<\/option><option value='lt' >Leedu<\/option><option value='us' >USA<\/option><option value='by' >Valgevene<\/option><option value='ua' >Ukraina<\/option><option value='fi' >Soome<\/option><option value='de' >Saksamaa<\/option><option value='none' >Kodakondsuseta<\/option><\/select><\/div><\/li><li id='field_1_6'  class='gfield field_sublabel_below field_description_below hidden_label gfield_visibility_visible' ><label class='gfield_label' for='input_1_6' >Emakeel<\/label><div class='ginput_container ginput_container_text'><input name='input_6' id='input_1_6' type='text' value='' class='medium'    placeholder='Emakeel'  aria-invalid=\"false\" \/><\/div><\/li><li id='field_1_7'  class='gfield field_sublabel_below field_description_below hidden_label gfield_visibility_visible' ><label class='gfield_label' for='input_1_7' >Kus \u00f5pib<\/label><div class='ginput_container ginput_container_text'><input name='input_7' id='input_1_7' type='text' value='' class='medium'    placeholder='Kus \u00f5pib'  aria-invalid=\"false\" \/><\/div><\/li><li id='field_1_8'  class='gfield field_sublabel_below field_description_below hidden_label gfield_visibility_visible' ><label class='gfield_label' for='input_1_8' >Elukoht<\/label><div class='ginput_container ginput_container_text'><input name='input_8' id='input_1_8' type='text' value='' class='medium'    placeholder='Elukoht'  aria-invalid=\"false\" \/><\/div><\/li><li id='field_1_36'  class='gfield field_sublabel_below field_description_below hidden_label gfield_visibility_visible' ><label class='gfield_label' for='input_1_36' >Telefon<\/label><div class='ginput_container ginput_container_text'><input name='input_36' id='input_1_36' type='text' value='' class='medium'    placeholder='Telefon'  aria-invalid=\"false\" \/><\/div><\/li><li id='field_1_10'  class='gfield field_sublabel_below field_description_below hidden_label gfield_visibility_visible' ><label class='gfield_label' for='input_1_10' >Kogemus<\/label><div class='ginput_container ginput_container_textarea'><textarea name='input_10' id='input_1_10' class='textarea medium'    placeholder='Millistes klubides treenisite varem'  aria-invalid=\"false\"   rows='10' cols='50'><\/textarea><\/div><\/li><li id='field_1_23'  class='gfield gfield_contains_required field_sublabel_below field_description_below hidden_label gfield_visibility_visible' ><label class='gfield_label'  >Terviset\u00f5end<span class='gfield_required'>*<\/span><\/label><div class='ginput_container ginput_container_consent'><input name='input_23.1' id='input_1_23_1' type='checkbox' value='1'   aria-required=\"true\" aria-invalid=\"false\"   \/> <label class=\"gfield_consent_label\" for='input_1_23_1' >Kohustun esitama terviset\u00f5endi kuu aja jooksul.<\/label><span class='gfield_required'>*<\/span><input type='hidden' name='input_23.2' value='Kohustun esitama terviset\u00f5endi kuu aja jooksul.' class='gform_hidden' \/><input type='hidden' name='input_23.3' value='4' class='gform_hidden' \/><\/div><\/li><\/ul>\n                    <\/div>\n                    <div class='gform_page_footer'>\n                         <button id='gform_next_button_1_13' class='gform_next_button button' value='Edasi'  onclick='jQuery(\"#gform_target_page_number_1\").val(\"2\");  jQuery(\"#gform_1\").trigger(\"submit\",[true]); ' onkeypress='if( event.keyCode == 13 ){ jQuery(\"#gform_target_page_number_1\").val(\"2\");  jQuery(\"#gform_1\").trigger(\"submit\",[true]); } '><span>J\u00e4rgmine<\/span><\/button> \n                    <\/div>\n                <\/div>\n                <div id='gform_page_1_2' class='gform_page' style='display:none;'>\n                    <div class='gform_page_fields'>\n                        <ul id='gform_fields_1_2' class='gform_fields top_label form_sublabel_below description_below'><li id='field_1_14'  class='gfield gsection field_sublabel_below field_description_below gfield_visibility_visible' ><h2 class='gsection_title'>Isa<\/h2><\/li><li id='field_1_16'  class='gfield field_sublabel_below field_description_below hidden_label gfield_visibility_visible' ><label class='gfield_label' for='input_1_16' >Eesnimi<\/label><div class='ginput_container ginput_container_text'><input name='input_16' id='input_1_16' type='text' value='' class='medium'    placeholder='Eesnimi'  aria-invalid=\"false\" \/><\/div><\/li><li id='field_1_17'  class='gfield field_sublabel_below field_description_below hidden_label gfield_visibility_visible' ><label class='gfield_label' for='input_1_17' >Perekonnanimi<\/label><div class='ginput_container ginput_container_text'><input name='input_17' id='input_1_17' type='text' value='' class='medium'    placeholder='Perekonnanimi'  aria-invalid=\"false\" \/><\/div><\/li><li id='field_1_18'  class='gfield gfield_contains_required field_sublabel_below field_description_below hidden_label gfield_visibility_visible' ><label class='gfield_label' for='input_1_18' >Isikukood<span class='gfield_required'>*<\/span><\/label><div class='ginput_container ginput_container_text'><input name='input_18' id='input_1_18' type='text' value='' class='medium'    placeholder='Isikukood' aria-required=\"true\" aria-invalid=\"false\" \/><\/div><\/li><li id='field_1_19'  class='gfield field_sublabel_below field_description_below hidden_label gfield_visibility_visible' ><label class='gfield_label' for='input_1_19' >Pikkus<\/label><div class='ginput_container ginput_container_number'><input name='input_19' id='input_1_19' type='text' step='any'   value='' class='medium'    placeholder='Pikkus (cm)'  aria-invalid=\"false\" \/><\/div><\/li><li id='field_1_37'  class='gfield field_sublabel_below field_description_below hidden_label gfield_visibility_visible' ><label class='gfield_label' for='input_1_37' >Telefon<\/label><div class='ginput_container ginput_container_text'><input name='input_37' id='input_1_37' type='text' value='' class='medium'    placeholder='Telefon'  aria-invalid=\"false\" \/><\/div><\/li><li id='field_1_21'  class='gfield field_sublabel_below field_description_below hidden_label gfield_visibility_visible' ><label class='gfield_label' for='input_1_21' >E-post<\/label><div class='ginput_container ginput_container_email'>\n                            <input name='input_21' id='input_1_21' type='email' value='' class='medium'   placeholder='E-post'  aria-invalid=\"false\" \/>\n                        <\/div><\/li><li id='field_1_22'  class='gfield field_sublabel_below field_description_below hidden_label gfield_visibility_visible' ><label class='gfield_label' for='input_1_22' >T\u00f6\u00f6koht, amet<\/label><div class='ginput_container ginput_container_text'><input name='input_22' id='input_1_22' type='text' value='' class='medium'    placeholder='T\u00f6\u00f6koht, amet'  aria-invalid=\"false\" \/><\/div><\/li><li id='field_1_15'  class='gfield gsection field_sublabel_below field_description_below gfield_visibility_visible' ><h2 class='gsection_title'>Ema<\/h2><\/li><li id='field_1_25'  class='gfield field_sublabel_below field_description_below hidden_label gfield_visibility_visible' ><label class='gfield_label' for='input_1_25' >Eesnimi<\/label><div class='ginput_container ginput_container_text'><input name='input_25' id='input_1_25' type='text' value='' class='medium'    placeholder='Eesnimi'  aria-invalid=\"false\" \/><\/div><\/li><li id='field_1_26'  class='gfield field_sublabel_below field_description_below hidden_label gfield_visibility_visible' ><label class='gfield_label' for='input_1_26' >Perekonnanimi<\/label><div class='ginput_container ginput_container_text'><input name='input_26' id='input_1_26' type='text' value='' class='medium'    placeholder='Perekonnanimi'  aria-invalid=\"false\" \/><\/div><\/li><li id='field_1_27'  class='gfield gfield_contains_required field_sublabel_below field_description_below hidden_label gfield_visibility_visible' ><label class='gfield_label' for='input_1_27' >Isikukood<span class='gfield_required'>*<\/span><\/label><div class='ginput_container ginput_container_text'><input name='input_27' id='input_1_27' type='text' value='' class='medium'    placeholder='Isikukood' aria-required=\"true\" aria-invalid=\"false\" \/><\/div><\/li><li id='field_1_28'  class='gfield field_sublabel_below field_description_below hidden_label gfield_visibility_visible' ><label class='gfield_label' for='input_1_28' >Pikkus<\/label><div class='ginput_container ginput_container_number'><input name='input_28' id='input_1_28' type='text' step='any'   value='' class='medium'    placeholder='Pikkus (cm)'  aria-invalid=\"false\" \/><\/div><\/li><li id='field_1_39'  class='gfield field_sublabel_below field_description_below hidden_label gfield_visibility_visible' ><label class='gfield_label' for='input_1_39' >Telefon<\/label><div class='ginput_container ginput_container_text'><input name='input_39' id='input_1_39' type='text' value='' class='medium'    placeholder='Telefon'  aria-invalid=\"false\" \/><\/div><\/li><li id='field_1_31'  class='gfield field_sublabel_below field_description_below hidden_label gfield_visibility_visible' ><label class='gfield_label' for='input_1_31' >E-post<\/label><div class='ginput_container ginput_container_email'>\n                            <input name='input_31' id='input_1_31' type='email' value='' class='medium'   placeholder='E-post'  aria-invalid=\"false\" \/>\n                        <\/div><\/li><li id='field_1_32'  class='gfield field_sublabel_below field_description_below hidden_label gfield_visibility_visible' ><label class='gfield_label' for='input_1_32' >T\u00f6\u00f6koht, amet<\/label><div class='ginput_container ginput_container_text'><input name='input_32' id='input_1_32' type='text' value='' class='medium'    placeholder='T\u00f6\u00f6koht, amet'  aria-invalid=\"false\" \/><\/div><\/li><li id='field_1_40'  class='gfield gsection field_sublabel_below field_description_below gfield_visibility_visible' ><h2 class='gsection_title'>Arved<\/h2><\/li><li id='field_1_33'  class='gfield gfield_contains_required field_sublabel_below field_description_below hidden_label gfield_visibility_visible' ><label class='gfield_label' for='input_1_33' >Arvete e-posti aadress<span class='gfield_required'>*<\/span><\/label><div class='ginput_container ginput_container_email'>\n                            <input name='input_33' id='input_1_33' type='email' value='' class='medium'   placeholder='Arvete e-posti aadress' aria-required=\"true\" aria-invalid=\"false\" \/>\n                        <\/div><\/li><li id='field_1_41'  class='gfield gfield_contains_required field_sublabel_below field_description_below gfield_visibility_visible' ><label class='gfield_label' for='input_1_41' >Arvede maksmine<span class='gfield_required'>*<\/span><\/label><div class='ginput_container ginput_container_select'><select name='input_41' id='input_1_41' class='medium gfield_select'   aria-required=\"true\" aria-invalid=\"false\"><option value='father' selected='selected'>Isa<\/option><option value='mother' >Ema<\/option><\/select><\/div><\/li><li id='field_1_24'  class='gfield gsection field_sublabel_below field_description_below gfield_visibility_visible' ><h2 class='gsection_title'>Leping<\/h2><\/li><li id='field_1_34'  class='gfield gfield_contains_required field_sublabel_below field_description_below gfield_visibility_visible' ><label class='gfield_label' for='input_1_34' >Lepingu allkirjastaja<span class='gfield_required'>*<\/span><\/label><div class='ginput_container ginput_container_select'><select name='input_34' id='input_1_34' class='medium gfield_select'   aria-required=\"true\" aria-invalid=\"false\"><option value='father' selected='selected'>Isa<\/option><option value='mother' >Ema<\/option><\/select><\/div><\/li><li id='field_1_43'  class='gfield hidden field_sublabel_below field_description_below hidden_label gfield_visibility_visible' ><label class='gfield_label' for='input_1_43' >CAPTCHA<\/label><div id='input_1_43' class='ginput_container ginput_recaptcha' data-sitekey='6LdULhobAAAAADudWcFCyZ4vUwvLa9PK3lnhXLTP'  data-theme='light' data-tabindex='-1' data-size='invisible' data-badge='inline'><\/div><\/li><li id='field_1_42'  class='gfield gfield_contains_required field_sublabel_below field_description_below hidden_label gfield_visibility_visible' ><label class='gfield_label'  >\u0421\u043e\u0433\u043b\u0430\u0448\u0435\u043d\u0438\u0435<span class='gfield_required'>*<\/span><\/label><div class='ginput_container ginput_container_consent'><input name='input_42.1' id='input_1_42_1' type='checkbox' value='1'   aria-required=\"true\" aria-invalid=\"false\"   \/> <label class=\"gfield_consent_label\" for='input_1_42_1' >N\u00f5ustun, et see veebisait s\u00e4ilitab mulle saadetud teavet, v\u00f5imaldades vastata minu p\u00e4ringule. Lisateavet leiate meie <a href=\"https:\/\/fctallinn.ee\/et\/privaatsuspoliitika\/\" target=_blank>privaatsuseeskirjadest<\/a\u00bb.<\/label><span class='gfield_required'>*<\/span><input type='hidden' name='input_42.2' value='N\u00f5ustun, et see veebisait s\u00e4ilitab mulle saadetud teavet, v\u00f5imaldades vastata minu p\u00e4ringule. Lisateavet leiate meie &lt;a href=&quot;https:\/\/fctallinn.ee\/et\/privaatsuspoliitika\/&quot; target=_blank&gt;privaatsuseeskirjadest&lt;\/a\u00bb.' class='gform_hidden' \/><input type='hidden' name='input_42.3' value='4' class='gform_hidden' \/><\/div><\/li><li id='field_1_46'  class='gfield gform_validation_container field_sublabel_below field_description_below gfield_visibility_visible' ><label class='gfield_label' for='input_1_46' >Name<\/label><div class='ginput_container'><input name='input_46' id='input_1_46' type='text' value='' autocomplete='off'\/><\/div><div class='gfield_description' id='gfield_description_1_46'>This field is for validation purposes and should be left unchanged.<\/div><\/li>\n                            <\/ul><\/div>\n        <div class='gform_page_footer top_label'><input type='submit' id='gform_previous_button_1' class='gform_previous_button button' value='Tagasi'  onclick='if(window[\"gf_submitting_1\"]){return false;}  if( !jQuery(\"#gform_1\")[0].checkValidity || jQuery(\"#gform_1\")[0].checkValidity()){window[\"gf_submitting_1\"]=true;}  ' onkeypress='if( event.keyCode == 13 ){ if(window[\"gf_submitting_1\"]){return false;} if( !jQuery(\"#gform_1\")[0].checkValidity || jQuery(\"#gform_1\")[0].checkValidity()){window[\"gf_submitting_1\"]=true;}  jQuery(\"#gform_1\").trigger(\"submit\",[true]); }'><span>Eelmine<\/span><\/button> <button id='gform_submit_button_1' class='gform_button button'   onclick='if(window[\"gf_submitting_1\"]){return false;}  if( !jQuery(\"#gform_1\")[0].checkValidity || jQuery(\"#gform_1\")[0].checkValidity()){window[\"gf_submitting_1\"]=true;}  ' onkeypress='if( event.keyCode == 13 ){ if(window[\"gf_submitting_1\"]){return false;} if( !jQuery(\"#gform_1\")[0].checkValidity || jQuery(\"#gform_1\")[0].checkValidity()){window[\"gf_submitting_1\"]=true;}  jQuery(\"#gform_1\").trigger(\"submit\",[true]); }'><span>Saada PDF-fail allkirjastamiseks<\/span><\/button> \n            <input type='hidden' class='gform_hidden' name='is_submit_1' value='1' \/>\n            <input type='hidden' class='gform_hidden' name='gform_submit' value='1' \/>\n            \n            <input type='hidden' class='gform_hidden' name='gform_unique_id' value='' \/>\n            <input type='hidden' class='gform_hidden' name='state_1' value='WyJ7XCIyMy4xXCI6XCJlMWM3OTgwMWRjNzg1NjllMzRhMTA4YzJjNjE5MTUwZlwiLFwiMjMuMlwiOlwiMDgzN2NmODFjZWIxZDk4MjJmMDA5ZTZjMTk3NWM2MDFcIixcIjIzLjNcIjpcImMzN2I5ZTg3NzAxNzU2OTk1ZmVhZTg5ZmQzNTE0NjY0XCIsXCI0Mi4xXCI6XCJlMWM3OTgwMWRjNzg1NjllMzRhMTA4YzJjNjE5MTUwZlwiLFwiNDIuMlwiOlwiODNmZmVkNWRhNWFmNWVmODY4YjE3ZGRmY2Q5ZWEzYTdcIixcIjQyLjNcIjpcImMzN2I5ZTg3NzAxNzU2OTk1ZmVhZTg5ZmQzNTE0NjY0XCJ9IiwiNjlkYmQ5NTBkMmVmMTNlNDc0NmY1NGM2YjgzYWJkZTMiXQ==' \/>\n            <input type='hidden' class='gform_hidden' name='gform_target_page_number_1' id='gform_target_page_number_1' value='2' \/>\n            <input type='hidden' class='gform_hidden' name='gform_source_page_number_1' id='gform_source_page_number_1' value='1' \/>\n            <input type='hidden' name='gform_field_values' value='' \/>\n            \n        <\/div>\n                        <\/div><\/div>\n                        <\/form>\n                        <\/div><script type='text\/javascript'> jQuery(document).bind('gform_post_render', function(event, formId, currentPage){if(formId == 1) {jQuery('#input_1_4').mask('99999999999').bind('keypress', function(e){if(e.which == 13){jQuery(this).blur();} } );jQuery('#input_1_18').mask('99999999999').bind('keypress', function(e){if(e.which == 13){jQuery(this).blur();} } );jQuery('#input_1_27').mask('99999999999').bind('keypress', function(e){if(e.which == 13){jQuery(this).blur();} } );if(typeof Placeholders != 'undefined'){\n                        Placeholders.enable();\n                    }} } );jQuery(document).bind('gform_post_conditional_logic', function(event, formId, fields, isInit){} );<\/script><script type='text\/javascript'> jQuery(document).ready(function(){jQuery(document).trigger('gform_post_render', [1, 1]) } ); <\/script>","protected":false},"excerpt":{"rendered":"<p><a href=\"https:\/\/fctallinn.ee\/et\/liitu-meiega\/klubi-liikmeks-astumise-avaldus\/\" class=\"more-link\">Loe edasi<span class=\"screen-reader-text\"> \"Klubi liikmeks astumise avaldus\"<\/span><\/a><\/p>","protected":false},"author":1,"featured_media":0,"parent":1040,"menu_order":0,"comment_status":"closed","ping_status":"closed","template":"","meta":{"spay_email":""},"_links":{"self":[{"href":"https:\/\/fctallinn.ee\/et\/wp-json\/wp\/v2\/pages\/1042"}],"collection":[{"href":"https:\/\/fctallinn.ee\/et\/wp-json\/wp\/v2\/pages"}],"about":[{"href":"https:\/\/fctallinn.ee\/et\/wp-json\/wp\/v2\/types\/page"}],"author":[{"embeddable":true,"href":"https:\/\/fctallinn.ee\/et\/wp-json\/wp\/v2\/users\/1"}],"replies":[{"embeddable":true,"href":"https:\/\/fctallinn.ee\/et\/wp-json\/wp\/v2\/comments?post=1042"}],"version-history":[{"count":2,"href":"https:\/\/fctallinn.ee\/et\/wp-json\/wp\/v2\/pages\/1042\/revisions"}],"predecessor-version":[{"id":1127,"href":"https:\/\/fctallinn.ee\/et\/wp-json\/wp\/v2\/pages\/1042\/revisions\/1127"}],"up":[{"embeddable":true,"href":"https:\/\/fctallinn.ee\/et\/wp-json\/wp\/v2\/pages\/1040"}],"wp:attachment":[{"href":"https:\/\/fctallinn.ee\/et\/wp-json\/wp\/v2\/media?parent=1042"}],"curies":[{"name":"wp","href":"https:\/\/api.w.org\/{rel}","templated":true}]}}