{"id":1019,"date":"2020-08-27T11:02:47","date_gmt":"2020-08-27T08:02:47","guid":{"rendered":"http:\/\/fctallinn.ee\/?page_id=1019"},"modified":"2023-03-05T22:14:17","modified_gmt":"2023-03-05T20:14:17","slug":"klubist","status":"publish","type":"page","link":"https:\/\/fctallinn.ee\/et\/klubist\/","title":{"rendered":"Klubist"},"content":{"rendered":"\n<div class=\"wp-block-image\"><figure class=\"aligncenter size-full\"><img loading=\"lazy\" width=\"1466\" height=\"458\" src=\"https:\/\/fctallinn.ee\/wp-content\/uploads\/2020\/08\/fct-about-2017.png\" alt=\"\" class=\"wp-image-998\"\/><\/figure><\/div>\n\n\n\n<p class=\"is-style-lead\">Jalgpallikool FC Tallinn asutati 2017. aastal. \u00dcks klubi asutajatest on Sergei Gritsenko. Vaatamata sellele, et klubi on tegutsenud vaid kaks aastat, esindas 2018. aasta Eesti noorte jalgpalli meistriv\u00f5istluste hooajal FC Tallinna jalgpallikooli 12 v\u00f5istkonda. Samal ajal osaleb klubi t\u00e4iskasvanute meeskond Eesti II liiga meistriv\u00f5istlustel.<\/p>\n\n\n\n<p>FC Tallinna jalgpallikoolis on 2020. aasta veebruari seisuga 350 noort jalgpallurit, kaasa arvatud 4\u20137-aastaste laste grupid. Klubi baas asub Lasnam\u00e4el, mis on Tallinna suurim linnaosa. Meie klubi treenerite tiimi kuuluvad kogenud noored spetsialistid, kes armastavad jalgpalli ja aitavad ka lastel arendada oma andeid ja armastust selle m\u00e4ngu vastu.<\/p>\n\n\n\n<figure class=\"wp-block-image alignwide size-full is-style-default\"><img loading=\"lazy\" width=\"1712\" height=\"962\" src=\"https:\/\/fctallinn.ee\/wp-content\/uploads\/2020\/08\/fct-about-team-01.jpg\" alt=\"\" class=\"wp-image-1000\"\/><\/figure>\n\n\n\n<p class=\"is-style-double-margin\">K\u00f5igil jalgpallikooli treeneritel on UEFA ja EJL-i litsents, mis on t\u00f5end nende k\u00f5rgetasemelisest erialasest p\u00e4devusest.<\/p>\n\n\n\n<h1 class=\"is-style-italic-extrabold-uppercase\">Klubi prioriteedid<\/h1>\n\n\n\n<p class=\"is-style-default\">FC Tallinna prioriteet on noorte jalgpalli edendamine nii Tallinnas kui ka mujal Eestis. Klubis on \u00fcle 15 meeskonna, kuhu kuuluvad m\u00e4ngijad alates 4. eluaastast. Praegu on klubis 350 m\u00e4ngijat. Meie ennustuste kohaselt suureneb see arv 2022. aastaks 850-ni.<\/p>\n\n\n\n<p>P\u00fcrgime selle poole, et v\u00f5imalikult palju meie kasvandikke saaksid koha nii FC Tallinna esindusmeeskonnas kui ka Eesti jalgpallikoondises. Juba praegu m\u00e4ngib \u00fcle k\u00fcmne jalgpalluri enda vanusegrupi noortekoondises.<\/p>\n\n\n\n<figure class=\"wp-block-image alignfull size-full is-style-default\"><img loading=\"lazy\" width=\"2560\" height=\"1440\" src=\"https:\/\/fctallinn.ee\/wp-content\/uploads\/2020\/08\/fct-about-priority.jpg\" alt=\"\" class=\"wp-image-1002\"\/><\/figure>\n\n\n\n<h1 class=\"is-style-italic-extrabold-uppercase\">Saavutame eesm\u00e4rke<\/h1>\n\n\n\n<ul class=\"is-style-dots\"><li>Edendame laste-, noorte-, meeste- ja naistejalgpalli arengut ning koolitame jalgpallitreenerid.<\/li><li>P\u00fc\u00fcame luua k\u00f5rgetasemelise klubi, mis kindlustaks oma koha Euroopa areenil<\/li><li>Arendame hoogsalt klubi infrastruktuuri ja pakume oma meeskondadele parimaid v\u00f5imalusi treenimiseks ja v\u00f5istlemiseks.<\/li><li>Populariseerime jalgpalli noorte seas, korraldades selleks turniire, festivale ja spordilaagreid.<\/li><li>J\u00e4rgime ausa m\u00e4ngu p\u00f5him\u00f5tteid (FIFA Fair Play).<\/li><\/ul>\n\n\n\n<p><\/p>\n","protected":false},"excerpt":{"rendered":"<p>Jalgpallikool FC Tallinn asutati 2017. aastal. \u00dcks klubi asutajatest on Sergei Gritsenko. Vaatamata sellele, et klubi on tegutsenud vaid kaks aastat, esindas 2018. aasta Eesti noorte jalgpalli meistriv\u00f5istluste hooajal FC Tallinna jalgpallikooli 12 v\u00f5istkonda. Samal ajal osaleb klubi t\u00e4iskasvanute meeskond&hellip;<\/p>\n<p><a href=\"https:\/\/fctallinn.ee\/et\/klubist\/\" class=\"more-link\">Loe edasi<span class=\"screen-reader-text\"> \"Klubist\"<\/span><\/a><\/p>","protected":false},"author":1,"featured_media":3350,"parent":0,"menu_order":0,"comment_status":"closed","ping_status":"closed","template":"","meta":{"spay_email":""},"_links":{"self":[{"href":"https:\/\/fctallinn.ee\/et\/wp-json\/wp\/v2\/pages\/1019"}],"collection":[{"href":"https:\/\/fctallinn.ee\/et\/wp-json\/wp\/v2\/pages"}],"about":[{"href":"https:\/\/fctallinn.ee\/et\/wp-json\/wp\/v2\/types\/page"}],"author":[{"embeddable":true,"href":"https:\/\/fctallinn.ee\/et\/wp-json\/wp\/v2\/users\/1"}],"replies":[{"embeddable":true,"href":"https:\/\/fctallinn.ee\/et\/wp-json\/wp\/v2\/comments?post=1019"}],"version-history":[{"count":9,"href":"https:\/\/fctallinn.ee\/et\/wp-json\/wp\/v2\/pages\/1019\/revisions"}],"predecessor-version":[{"id":4198,"href":"https:\/\/fctallinn.ee\/et\/wp-json\/wp\/v2\/pages\/1019\/revisions\/4198"}],"wp:featuredmedia":[{"embeddable":true,"href":"https:\/\/fctallinn.ee\/et\/wp-json\/wp\/v2\/media\/3350"}],"wp:attachment":[{"href":"https:\/\/fctallinn.ee\/et\/wp-json\/wp\/v2\/media?parent=1019"}],"curies":[{"name":"wp","href":"https:\/\/api.w.org\/{rel}","templated":true}]}}