{"id":1016,"date":"2020-08-27T10:57:34","date_gmt":"2020-08-27T07:57:34","guid":{"rendered":"http:\/\/fctallinn.ee\/?page_id=1016"},"modified":"2026-01-04T16:04:38","modified_gmt":"2026-01-04T14:04:38","slug":"liikmemaks","status":"publish","type":"page","link":"https:\/\/fctallinn.ee\/et\/liikmemaks\/","title":{"rendered":"Liikmemaks"},"content":{"rendered":"\n<ul class=\"is-style-dots\"><li>Liikmemaksu tuleb tasuda igakuiselt jooksva kuu l\u00f5puni, 12 kuud aastas (kaasa arvatud suvel). Igakuine liikmemaks:<br>\u2014 grupile noorem kui 7 aastat 1. jaanuari seisuga \u2013 80 \u20ac kuus;<br>\u2014 grupile alates 7-ndast eluaastast 1. jaanuari seisuga \u2013 95 \u20ac kuus;<br>\u2014 spordi- ja noorsooametis registreerimata j\u00e4tmise korral lisandub 10 \u20ac.<\/li><li>Lapsevanem tasub liikmemaksu esitatud arve alusel j\u00e4rgnevale arveldusarvele: AS LHV Bank, IBAN: EE037700771002848515, SWIFT: LHVBEE22. Maksmisel tuleb kindlasti m\u00e4rkida viitenumber.<\/li><li>Liikmemaksu tuleb tasuda olenemata sellest, kas laps k\u00fclastab treeninguid v\u00f5i mitte. Erandiks v\u00f5ib saada pikaajaline puudumine haiguse v\u00f5i trauma t\u00f5ttu (kuu ja enam t\u00f5endi olemasolul).<\/li><li>Liikmemaksu v\u00f5i muude maksete tasumise hilinemisel j\u00e4tab FC Tallinn endale \u00f5iguse arvestada 0,1% viivist \u00fcldsummast iga hilinenud p\u00e4eva eest.<\/li><li>FC Tallinn j\u00e4tab endale \u00f5iguse muuta liikmemaksu tasu suurust. Tasu v\u00f5imalikust muutusest on FC Tallinn kohustatud teavitama Lapsevanemat v\u00e4hemalt kaks kuud enne uue liikmemaksu kehtima hakkamist.<\/li><\/ul>\n\n\n\n<p><a href=\"https:\/\/www.tallinn.ee\/est\/sport\/Teenus-Sporditegevuse-toetamine\" data-type=\"URL\" target=\"_blank\" rel=\"noreferrer noopener\">Sporditegevuse toetamine<\/a><\/p>\n\n\n\n<p class=\"is-style-small\">Klubi liikmemaks alates 01.01.2026<\/p>\n","protected":false},"excerpt":{"rendered":"<p>Liikmemaksu tuleb tasuda igakuiselt jooksva kuu l\u00f5puni, 12 kuud aastas (kaasa arvatud suvel). Igakuine liikmemaks:\u2014 grupile noorem kui 7 aastat 1. jaanuari seisuga \u2013 80 \u20ac kuus;\u2014 grupile alates 7-ndast eluaastast 1. jaanuari seisuga \u2013 95 \u20ac kuus;\u2014 spordi- ja&hellip;<\/p>\n<p><a href=\"https:\/\/fctallinn.ee\/et\/liikmemaks\/\" class=\"more-link\">Loe edasi<span class=\"screen-reader-text\"> \"Liikmemaks\"<\/span><\/a><\/p>","protected":false},"author":1,"featured_media":1403,"parent":0,"menu_order":0,"comment_status":"closed","ping_status":"closed","template":"templates\/membership.php","meta":{"spay_email":""},"_links":{"self":[{"href":"https:\/\/fctallinn.ee\/et\/wp-json\/wp\/v2\/pages\/1016"}],"collection":[{"href":"https:\/\/fctallinn.ee\/et\/wp-json\/wp\/v2\/pages"}],"about":[{"href":"https:\/\/fctallinn.ee\/et\/wp-json\/wp\/v2\/types\/page"}],"author":[{"embeddable":true,"href":"https:\/\/fctallinn.ee\/et\/wp-json\/wp\/v2\/users\/1"}],"replies":[{"embeddable":true,"href":"https:\/\/fctallinn.ee\/et\/wp-json\/wp\/v2\/comments?post=1016"}],"version-history":[{"count":23,"href":"https:\/\/fctallinn.ee\/et\/wp-json\/wp\/v2\/pages\/1016\/revisions"}],"predecessor-version":[{"id":5347,"href":"https:\/\/fctallinn.ee\/et\/wp-json\/wp\/v2\/pages\/1016\/revisions\/5347"}],"wp:featuredmedia":[{"embeddable":true,"href":"https:\/\/fctallinn.ee\/et\/wp-json\/wp\/v2\/media\/1403"}],"wp:attachment":[{"href":"https:\/\/fctallinn.ee\/et\/wp-json\/wp\/v2\/media?parent=1016"}],"curies":[{"name":"wp","href":"https:\/\/api.w.org\/{rel}","templated":true}]}}