{"id":1011,"date":"2020-08-27T10:38:22","date_gmt":"2020-08-27T07:38:22","guid":{"rendered":"http:\/\/fctallinn.ee\/?page_id=1011"},"modified":"2021-01-04T23:38:02","modified_gmt":"2021-01-04T21:38:02","slug":"reeglid","status":"publish","type":"page","link":"https:\/\/fctallinn.ee\/et\/reeglid\/","title":{"rendered":"Reeglid"},"content":{"rendered":"\n<div class=\"wp-block-columns\">\n<div class=\"wp-block-column\">\n<h2>Reeglid lapsevanematele<\/h2>\n\n\n\n<ul class=\"is-style-dots\"><li>Lapsevanemad on lubatud ainult avatud treeningutele v\u00f5i v\u00f5istlustele, millest treener v\u00f5i klubi juhtkond eelnevalt teavitab;<\/li><li>Lapsevanemad ei saa sekkuda \u00f5ppeprotsessi;<\/li><li>Otsus m\u00e4ngija \u00fcleviimisest \u00fchest grupist teise, treeneri vahetusest ei ole \u00fcksnes \u00fche inimese otsus. Tegemist on kaalutletud ja l\u00e4bim\u00f5eldud n\u00f5ukogu otsusega, mis lubab viia m\u00e4ngija j\u00e4rgmisele \u00f5ppeetapile;<\/li><li>Lapsevanemad on kohustatud suhtuma treenerite koosseisu, klubi juhtkonda ja treeningusse taktitunde ning lugupidamisega, reageerima m\u00e4rkustele ja t\u00e4itma klubi reegleid k\u00f5rvalekaldumatult;<\/li><li>Telefonide kasutamine on treeningutes keelatud \u2013 arusaamatuste v\u00e4ltimiseks peavad lapsevanemad saali v\u00f5i staadionile sisenedes mobiiliseadmed v\u00e4lja l\u00fclitama;<\/li><li>Lapsevanematel ei ole lubatud karjuda, solvata, alandada, juhendada enda v\u00f5i v\u00f5\u00f5ra lapse tegevust. Vastasel juhul treening katkestatakse p\u00e4rast esimest hoiatust, kuni s\u00fc\u00fcdlase eemaldamiseni treeningult;<\/li><li>\u00d5ppet\u00f6\u00f6 on klubis tasuline. Kuumakse arvelt tasutakse k\u00f5ik kulud, mis on seotud v\u00e4ljakute ja saalide rendiga, kommunaalmaksetega, treenerite palgaga, inventari ostuga jne.;<\/li><li>Lapsevanemad on kohustatud kandma igakuist kinnitatud tasu klubi arvele;<\/li><li>Otsuse konkreetse lapse tasust vabastamise kohta v\u00f5tab vastu ainult juhatus.<\/li><\/ul>\n<\/div>\n\n\n\n<div class=\"wp-block-column\">\n<h2>Reeglid m\u00e4ngijatele<\/h2>\n\n\n\n<ul class=\"is-style-dots\"><li>Treeningutele ja m\u00e4ngudele tuleb kohale tulla kindlaksm\u00e4\u00e4ratuid ajal;<\/li><li>Treeningul v\u00f5i m\u00e4ngul tuleb viibida klubi varustuses;<\/li><li>Klubi varustuse kaotamise korral peab m\u00e4ngija soetama uue varustuse;<\/li><li>Juhul kui m\u00e4ngija ei saa tulla treeningule, peab ta sellest treenerit teavitama;<\/li><li>Inventaari kadumise korral hooletu v\u00f5i \u00fcleannetu k\u00e4itumise tagaj\u00e4rjel n\u00f5utakse selle maksumus sisse m\u00e4ngijalt v\u00f5i m\u00e4ngijatelt;<\/li><li>Meeskonna- v\u00f5i klubi\u00fcrituste ajal on keelatud kasutada teiste klubide varustust;<\/li><li>V\u00e4\u00e4rtuslikud esemed tuleb j\u00e4tta v\u00f5istluste v\u00f5i treeningute ajaks treenerile v\u00f5i lapsevanematele. Klubi ei vastuta nende kaotamise v\u00f5i kahjustamise eest.<\/li><li>Ehete kandmine treeningutel ja m\u00e4ngudel ei ole lubatud. Mitte-eemaldatavad ehted peavad olema kinni kleebitud meditsiinilise plaastriga.&nbsp;<\/li><li>M\u00e4ngijad peavad v\u00e4\u00e4rikalt esindama klubi tehnilise ja peamise sponsorite nimesid, kes katavad suure osa kooli \u00fclalpidamiskuludest;<\/li><li>V\u00f5imalikud konfliktid tuleb lahendada koolisiseselt;<\/li><li>Ilma klubi loata on m\u00e4ngijatel keelatud osa v\u00f5tta jalgpalli\u00fcritustest, mis ei ole klubi poolt korraldatud;<\/li><li>Trauma saanud m\u00e4ngija peab viibima meeskonna v\u00f5istlustel, kui trauma v\u00f5i haigus seda v\u00f5imaldab;<\/li><li>M\u00e4ngija peab peale treeningut end pesema \u2013 nii taastub ta kiiremini j\u00e4rgmiseks&nbsp;&nbsp;treeninguks.<\/li><\/ul>\n<\/div>\n<\/div>\n","protected":false},"excerpt":{"rendered":"<p>Reeglid lapsevanematele Lapsevanemad on lubatud ainult avatud treeningutele v\u00f5i v\u00f5istlustele, millest treener v\u00f5i klubi juhtkond eelnevalt teavitab; Lapsevanemad ei saa sekkuda \u00f5ppeprotsessi; Otsus m\u00e4ngija \u00fcleviimisest \u00fchest grupist teise, treeneri vahetusest ei ole \u00fcksnes \u00fche inimese otsus. Tegemist on kaalutletud ja&hellip;<\/p>\n<p><a href=\"https:\/\/fctallinn.ee\/et\/reeglid\/\" class=\"more-link\">Loe edasi<span class=\"screen-reader-text\"> \"Reeglid\"<\/span><\/a><\/p>","protected":false},"author":1,"featured_media":1399,"parent":0,"menu_order":0,"comment_status":"closed","ping_status":"closed","template":"templates\/wide.php","meta":{"spay_email":""},"_links":{"self":[{"href":"https:\/\/fctallinn.ee\/et\/wp-json\/wp\/v2\/pages\/1011"}],"collection":[{"href":"https:\/\/fctallinn.ee\/et\/wp-json\/wp\/v2\/pages"}],"about":[{"href":"https:\/\/fctallinn.ee\/et\/wp-json\/wp\/v2\/types\/page"}],"author":[{"embeddable":true,"href":"https:\/\/fctallinn.ee\/et\/wp-json\/wp\/v2\/users\/1"}],"replies":[{"embeddable":true,"href":"https:\/\/fctallinn.ee\/et\/wp-json\/wp\/v2\/comments?post=1011"}],"version-history":[{"count":3,"href":"https:\/\/fctallinn.ee\/et\/wp-json\/wp\/v2\/pages\/1011\/revisions"}],"predecessor-version":[{"id":3223,"href":"https:\/\/fctallinn.ee\/et\/wp-json\/wp\/v2\/pages\/1011\/revisions\/3223"}],"wp:featuredmedia":[{"embeddable":true,"href":"https:\/\/fctallinn.ee\/et\/wp-json\/wp\/v2\/media\/1399"}],"wp:attachment":[{"href":"https:\/\/fctallinn.ee\/et\/wp-json\/wp\/v2\/media?parent=1011"}],"curies":[{"name":"wp","href":"https:\/\/api.w.org\/{rel}","templated":true}]}}